{"id":11464,"date":"2024-11-18T14:07:05","date_gmt":"2024-11-18T14:07:05","guid":{"rendered":"https:\/\/si-studiare-italiano.com\/?page_id=11464"},"modified":"2025-02-26T14:30:42","modified_gmt":"2025-02-26T14:30:42","slug":"individuelle-italienischkurse","status":"publish","type":"page","link":"https:\/\/si-studiare-italiano.com\/de\/italienischkurse-in-italien\/individuelle-italienischkurse\/","title":{"rendered":"Individuelle Italienischkurse"},"content":{"rendered":"\t\t<div data-elementor-type=\"wp-page\" data-elementor-id=\"11464\" class=\"elementor elementor-11464 elementor-448\" data-elementor-post-type=\"page\">\n\t\t\t\t<div class=\"elementor-element elementor-element-39d494a9 e-flex e-con-boxed e-con e-parent\" data-id=\"39d494a9\" data-element_type=\"container\" data-settings=\"{&quot;background_background&quot;:&quot;classic&quot;}\">\n\t\t\t\t\t<div class=\"e-con-inner\">\n\t\t\t\t<div class=\"elementor-element elementor-element-271401ab elementor-mobile-align-left elementor-widget elementor-widget-breadcrumbs\" data-id=\"271401ab\" data-element_type=\"widget\" data-widget_type=\"breadcrumbs.default\">\n\t\t\t\t<div class=\"elementor-widget-container\">\n\t\t\t<p id=\"breadcrumbs\"><span><span><a href=\"https:\/\/si-studiare-italiano.com\/de\/\">Home<\/a><\/span><\/span><\/p>\t\t<\/div>\n\t\t\t\t<\/div>\n\t\t\t\t<div class=\"elementor-element elementor-element-2feefe54 elementor-widget elementor-widget-heading\" data-id=\"2feefe54\" data-element_type=\"widget\" data-widget_type=\"heading.default\">\n\t\t\t\t<div class=\"elementor-widget-container\">\n\t\t\t<h1 class=\"elementor-heading-title elementor-size-default\">Individuelle Italienischkurse\n<\/h1>\t\t<\/div>\n\t\t\t\t<\/div>\n\t\t\t\t<div class=\"elementor-element elementor-element-93216c5 elementor-widget elementor-widget-heading\" data-id=\"93216c5\" data-element_type=\"widget\" data-widget_type=\"heading.default\">\n\t\t\t\t<div class=\"elementor-widget-container\">\n\t\t\t<p class=\"elementor-heading-title elementor-size-default\">Mailand, Rom, Florenz, Venedig oder Taormina: Wo m\u00f6chten Sie Ihren privaten Italienischsprachkurs machen?<\/p>\t\t<\/div>\n\t\t\t\t<\/div>\n\t\t\t\t<div class=\"elementor-element elementor-element-69114413 elementor-align-left elementor-widget elementor-widget-button\" data-id=\"69114413\" data-element_type=\"widget\" data-widget_type=\"button.default\">\n\t\t\t\t<div class=\"elementor-widget-container\">\n\t\t\t\t\t<div class=\"elementor-button-wrapper\">\n\t\t\t<a class=\"elementor-button elementor-button-link elementor-size-sm\" href=\"https:\/\/si-studiare-italiano.com\/contacts\">\n\t\t\t\t\t\t<span class=\"elementor-button-content-wrapper\">\n\t\t\t\t\t\t<span class=\"elementor-button-icon\">\n\t\t\t\t<i aria-hidden=\"true\" class=\"xlio ion-md-arrow-forward\"><\/i>\t\t\t<\/span>\n\t\t\t\t\t\t\t\t\t<span class=\"elementor-button-text\">Kontaktiere uns<\/span>\n\t\t\t\t\t<\/span>\n\t\t\t\t\t<\/a>\n\t\t<\/div>\n\t\t\t\t<\/div>\n\t\t\t\t<\/div>\n\t\t\t\t\t<\/div>\n\t\t\t\t<\/div>\n\t\t<div class=\"elementor-element elementor-element-121914b0 e-flex e-con-boxed e-con e-parent\" data-id=\"121914b0\" data-element_type=\"container\" data-settings=\"{&quot;background_background&quot;:&quot;classic&quot;}\">\n\t\t\t\t\t<div class=\"e-con-inner\">\n\t\t<div class=\"elementor-element elementor-element-5e0cda0a e-con-full e-flex e-con e-child\" data-id=\"5e0cda0a\" data-element_type=\"container\" id=\"more\">\n\t\t\t\t<div class=\"elementor-element elementor-element-1875a501 elementor-widget elementor-widget-heading\" data-id=\"1875a501\" data-element_type=\"widget\" data-widget_type=\"heading.default\">\n\t\t\t\t<div class=\"elementor-widget-container\">\n\t\t\t<p class=\"elementor-heading-title elementor-size-default\"><b>M\u00f6chtest du deine Zeit und dein Lernpotenzial optimal nutzen?<\/b>Bevorzugst du einen vollst\u00e4ndig personalisierten Ansatz mit einem Lehrer, der sich ganz auf deine Bed\u00fcrfnisse und Ziele konzentriert? Dann sind die privaten Italienischstunden genau das Richtige f\u00fcr dich!<br><br>\n\nWir bieten Pakete f\u00fcr private Italienischstunden mit 10, 15 oder 20 Stunden pro Woche, von Montag bis Freitag.<br><br>\n\nMit einem engagierten Italienischlehrer, der ausschlie\u00dflich f\u00fcr dich da ist, wirst du schnell gro\u00dfartige Fortschritte machen!<\/p>\t\t<\/div>\n\t\t\t\t<\/div>\n\t\t<div class=\"elementor-element elementor-element-4fa3dbf8 e-con-full e-flex e-con e-child\" data-id=\"4fa3dbf8\" data-element_type=\"container\" data-settings=\"{&quot;background_background&quot;:&quot;classic&quot;}\">\n\t\t<div class=\"elementor-element elementor-element-6175f804 e-con-full e-flex e-con e-child\" data-id=\"6175f804\" data-element_type=\"container\">\n\t\t\t\t<div class=\"elementor-element elementor-element-14aa96a4 elementor-widget__width-initial elementor-widget elementor-widget-heading\" data-id=\"14aa96a4\" data-element_type=\"widget\" data-widget_type=\"heading.default\">\n\t\t\t\t<div class=\"elementor-widget-container\">\n\t\t\t<h3 class=\"elementor-heading-title elementor-size-default\">10h \/ week<\/h3>\t\t<\/div>\n\t\t\t\t<\/div>\n\t\t\t\t<div class=\"elementor-element elementor-element-594adb29 elementor-widget__width-initial elementor-widget elementor-widget-heading\" data-id=\"594adb29\" data-element_type=\"widget\" data-widget_type=\"heading.default\">\n\t\t\t\t<div class=\"elementor-widget-container\">\n\t\t\t<p class=\"elementor-heading-title elementor-size-default\"><span style=\"color:#96BD0D;font-weight:bold\">Kontaktiere uns<\/span>, um mehr \u00fcber Termine und Verf\u00fcgbarkeiten zu erfahren.\n<\/p>\t\t<\/div>\n\t\t\t\t<\/div>\n\t\t\t\t<\/div>\n\t\t\t\t<div class=\"elementor-element elementor-element-43644521 price elementor-widget elementor-widget-text-editor\" data-id=\"43644521\" data-element_type=\"widget\" data-widget_type=\"text-editor.default\">\n\t\t\t\t<div class=\"elementor-widget-container\">\n\t\t\t\t\t\t\t<table class=\"has-neve-text-color-color has-nv-site-bg-background-color has-text-color has-background has-fixed-layout\"><thead><tr><th class=\"has-text-align-center\" data-align=\"center\"><span style=\"color: #96bd0d;\"><strong>WOCHEN<\/strong><\/span><\/th><th class=\"has-text-align-center\" data-align=\"center\"><span style=\"color: #96bd0d;\">PREISE<\/span><\/th><\/tr><\/thead><tbody><tr><td class=\"has-text-align-center\" data-align=\"center\"><strong>1<\/strong><\/td><td class=\"has-text-align-center\" data-align=\"center\"><strong>\u20ac 450<\/strong><\/td><\/tr><tr><td class=\"has-text-align-center\" data-align=\"center\"><strong>2<\/strong><\/td><td class=\"has-text-align-center\" data-align=\"center\"><strong>\u20ac 900<\/strong><\/td><\/tr><tr><td class=\"has-text-align-center\" data-align=\"center\"><strong>3<\/strong><\/td><td class=\"has-text-align-center\" data-align=\"center\"><strong>\u20ac 1.350<\/strong><\/td><\/tr><tr><td class=\"has-text-align-center\" data-align=\"center\"><strong>4<\/strong><\/td><td class=\"has-text-align-center\" data-align=\"center\"><strong>\u20ac 1.800<\/strong><\/td><\/tr><\/tbody><\/table>\t\t\t\t\t\t<\/div>\n\t\t\t\t<\/div>\n\t\t\t\t<div class=\"elementor-element elementor-element-1f8b4e5b elementor-align-left elementor-absolute elementor-hidden-mobile elementor-widget elementor-widget-button\" data-id=\"1f8b4e5b\" data-element_type=\"widget\" data-settings=\"{&quot;_position&quot;:&quot;absolute&quot;}\" data-widget_type=\"button.default\">\n\t\t\t\t<div class=\"elementor-widget-container\">\n\t\t\t\t\t<div class=\"elementor-button-wrapper\">\n\t\t\t<a class=\"elementor-button elementor-button-link elementor-size-sm\" href=\"https:\/\/si-studiare-italiano.com\/contacts\">\n\t\t\t\t\t\t<span class=\"elementor-button-content-wrapper\">\n\t\t\t\t\t\t<span class=\"elementor-button-icon\">\n\t\t\t\t<i aria-hidden=\"true\" class=\"xlio ion-md-arrow-forward\"><\/i>\t\t\t<\/span>\n\t\t\t\t\t\t\t\t\t<span class=\"elementor-button-text\">Kontaktiere uns<\/span>\n\t\t\t\t\t<\/span>\n\t\t\t\t\t<\/a>\n\t\t<\/div>\n\t\t\t\t<\/div>\n\t\t\t\t<\/div>\n\t\t\t\t<\/div>\n\t\t<div class=\"elementor-element elementor-element-6fd0be7 e-con-full e-flex e-con e-child\" data-id=\"6fd0be7\" data-element_type=\"container\" data-settings=\"{&quot;background_background&quot;:&quot;classic&quot;}\">\n\t\t<div class=\"elementor-element elementor-element-b4378a0 e-con-full e-flex e-con e-child\" data-id=\"b4378a0\" data-element_type=\"container\">\n\t\t\t\t<div class=\"elementor-element elementor-element-2ac1ffe elementor-widget__width-initial elementor-widget elementor-widget-heading\" data-id=\"2ac1ffe\" data-element_type=\"widget\" data-widget_type=\"heading.default\">\n\t\t\t\t<div class=\"elementor-widget-container\">\n\t\t\t<h3 class=\"elementor-heading-title elementor-size-default\">15h \/ week<\/h3>\t\t<\/div>\n\t\t\t\t<\/div>\n\t\t\t\t<div class=\"elementor-element elementor-element-2740877 elementor-widget__width-initial elementor-widget elementor-widget-heading\" data-id=\"2740877\" data-element_type=\"widget\" data-widget_type=\"heading.default\">\n\t\t\t\t<div class=\"elementor-widget-container\">\n\t\t\t<p class=\"elementor-heading-title elementor-size-default\"><span style=\"color:#96BD0D;font-weight:bold\">Kontaktiere uns<\/span>, um mehr \u00fcber Termine und Verf\u00fcgbarkeiten zu erfahren.\n<\/p>\t\t<\/div>\n\t\t\t\t<\/div>\n\t\t\t\t<\/div>\n\t\t\t\t<div class=\"elementor-element elementor-element-8f22230 price elementor-widget elementor-widget-text-editor\" data-id=\"8f22230\" data-element_type=\"widget\" data-widget_type=\"text-editor.default\">\n\t\t\t\t<div class=\"elementor-widget-container\">\n\t\t\t\t\t\t\t<table class=\"has-neve-text-color-color has-nv-site-bg-background-color has-text-color has-background has-fixed-layout\"><thead><tr><th class=\"has-text-align-center\" data-align=\"center\"><span style=\"color: #96bd0d;\"><strong>WOCHEN<\/strong><\/span><\/th><th class=\"has-text-align-center\" data-align=\"center\"><span style=\"color: #96bd0d;\">PREISE<\/span><\/th><\/tr><\/thead><tbody><tr><td class=\"has-text-align-center\" data-align=\"center\"><strong>1<\/strong><\/td><td class=\"has-text-align-center\" data-align=\"center\"><strong>\u20ac 675<\/strong><\/td><\/tr><tr><td class=\"has-text-align-center\" data-align=\"center\"><strong>2<\/strong><\/td><td class=\"has-text-align-center\" data-align=\"center\"><strong>\u20ac 1.350<\/strong><\/td><\/tr><tr><td class=\"has-text-align-center\" data-align=\"center\"><strong>3<\/strong><\/td><td class=\"has-text-align-center\" data-align=\"center\"><strong>\u20ac 2.025<\/strong><\/td><\/tr><tr><td class=\"has-text-align-center\" data-align=\"center\"><strong>4<\/strong><\/td><td class=\"has-text-align-center\" data-align=\"center\"><strong>\u20ac 2.700<\/strong><\/td><\/tr><\/tbody><\/table>\t\t\t\t\t\t<\/div>\n\t\t\t\t<\/div>\n\t\t\t\t<div class=\"elementor-element elementor-element-615e8d9 elementor-align-left elementor-absolute elementor-hidden-mobile elementor-widget elementor-widget-button\" data-id=\"615e8d9\" data-element_type=\"widget\" data-settings=\"{&quot;_position&quot;:&quot;absolute&quot;}\" data-widget_type=\"button.default\">\n\t\t\t\t<div class=\"elementor-widget-container\">\n\t\t\t\t\t<div class=\"elementor-button-wrapper\">\n\t\t\t<a class=\"elementor-button elementor-button-link elementor-size-sm\" href=\"https:\/\/si-studiare-italiano.com\/contacts\">\n\t\t\t\t\t\t<span class=\"elementor-button-content-wrapper\">\n\t\t\t\t\t\t<span class=\"elementor-button-icon\">\n\t\t\t\t<i aria-hidden=\"true\" class=\"xlio ion-md-arrow-forward\"><\/i>\t\t\t<\/span>\n\t\t\t\t\t\t\t\t\t<span class=\"elementor-button-text\">Kontaktiere uns<\/span>\n\t\t\t\t\t<\/span>\n\t\t\t\t\t<\/a>\n\t\t<\/div>\n\t\t\t\t<\/div>\n\t\t\t\t<\/div>\n\t\t\t\t<\/div>\n\t\t<div class=\"elementor-element elementor-element-206149e e-con-full e-flex e-con e-child\" data-id=\"206149e\" data-element_type=\"container\" data-settings=\"{&quot;background_background&quot;:&quot;classic&quot;}\">\n\t\t<div class=\"elementor-element elementor-element-fec6292 e-con-full e-flex e-con e-child\" data-id=\"fec6292\" data-element_type=\"container\">\n\t\t\t\t<div class=\"elementor-element elementor-element-5e3d930 elementor-widget__width-initial elementor-widget elementor-widget-heading\" data-id=\"5e3d930\" data-element_type=\"widget\" data-widget_type=\"heading.default\">\n\t\t\t\t<div class=\"elementor-widget-container\">\n\t\t\t<h3 class=\"elementor-heading-title elementor-size-default\">20h \/ week<\/h3>\t\t<\/div>\n\t\t\t\t<\/div>\n\t\t\t\t<div class=\"elementor-element elementor-element-ead5089 elementor-widget__width-initial elementor-widget elementor-widget-heading\" data-id=\"ead5089\" data-element_type=\"widget\" data-widget_type=\"heading.default\">\n\t\t\t\t<div class=\"elementor-widget-container\">\n\t\t\t<p class=\"elementor-heading-title elementor-size-default\"><span style=\"color:#96BD0D;font-weight:bold\">Kontaktiere uns<\/span>, um mehr \u00fcber Termine und Verf\u00fcgbarkeiten zu erfahren.\n<\/p>\t\t<\/div>\n\t\t\t\t<\/div>\n\t\t\t\t<\/div>\n\t\t\t\t<div class=\"elementor-element elementor-element-9c6c285 price elementor-widget elementor-widget-text-editor\" data-id=\"9c6c285\" data-element_type=\"widget\" data-widget_type=\"text-editor.default\">\n\t\t\t\t<div class=\"elementor-widget-container\">\n\t\t\t\t\t\t\t<table class=\"has-neve-text-color-color has-nv-site-bg-background-color has-text-color has-background has-fixed-layout\"><thead><tr><th class=\"has-text-align-center\" data-align=\"center\"><span style=\"color: #96bd0d;\"><strong>WOCHEN<\/strong><\/span><\/th><th class=\"has-text-align-center\" data-align=\"center\"><span style=\"color: #96bd0d;\">PREISE<\/span><\/th><\/tr><\/thead><tbody><tr><td class=\"has-text-align-center\" data-align=\"center\"><strong>1<\/strong><\/td><td class=\"has-text-align-center\" data-align=\"center\"><strong>\u20ac 800<\/strong><\/td><\/tr><tr><td class=\"has-text-align-center\" data-align=\"center\"><strong>2<\/strong><\/td><td class=\"has-text-align-center\" data-align=\"center\"><strong>\u20ac 1.600<\/strong><\/td><\/tr><tr><td class=\"has-text-align-center\" data-align=\"center\"><strong>3<\/strong><\/td><td class=\"has-text-align-center\" data-align=\"center\"><strong>\u20ac 2.400<\/strong><\/td><\/tr><tr><td class=\"has-text-align-center\" data-align=\"center\"><strong>4<\/strong><\/td><td class=\"has-text-align-center\" data-align=\"center\"><strong>\u20ac 3.200<\/strong><\/td><\/tr><\/tbody><\/table>\t\t\t\t\t\t<\/div>\n\t\t\t\t<\/div>\n\t\t\t\t<div class=\"elementor-element elementor-element-58b37a5 elementor-align-left elementor-absolute elementor-hidden-mobile elementor-widget elementor-widget-button\" data-id=\"58b37a5\" data-element_type=\"widget\" data-settings=\"{&quot;_position&quot;:&quot;absolute&quot;}\" data-widget_type=\"button.default\">\n\t\t\t\t<div class=\"elementor-widget-container\">\n\t\t\t\t\t<div class=\"elementor-button-wrapper\">\n\t\t\t<a class=\"elementor-button elementor-button-link elementor-size-sm\" href=\"https:\/\/si-studiare-italiano.com\/contacts\">\n\t\t\t\t\t\t<span class=\"elementor-button-content-wrapper\">\n\t\t\t\t\t\t<span class=\"elementor-button-icon\">\n\t\t\t\t<i aria-hidden=\"true\" class=\"xlio ion-md-arrow-forward\"><\/i>\t\t\t<\/span>\n\t\t\t\t\t\t\t\t\t<span class=\"elementor-button-text\">Kontaktiere uns<\/span>\n\t\t\t\t\t<\/span>\n\t\t\t\t\t<\/a>\n\t\t<\/div>\n\t\t\t\t<\/div>\n\t\t\t\t<\/div>\n\t\t\t\t<\/div>\n\t\t\t\t<\/div>\n\t\t<div class=\"elementor-element elementor-element-28ad8944 e-con-full e-flex e-con e-child\" data-id=\"28ad8944\" data-element_type=\"container\">\n\t\t\t\t<div class=\"elementor-element elementor-element-77749673 elementor-widget elementor-widget-image\" data-id=\"77749673\" data-element_type=\"widget\" data-settings=\"{&quot;sticky&quot;:&quot;top&quot;,&quot;sticky_on&quot;:[&quot;desktop&quot;],&quot;sticky_offset&quot;:20,&quot;sticky_parent&quot;:&quot;yes&quot;,&quot;sticky_effects_offset&quot;:0}\" data-widget_type=\"image.default\">\n\t\t\t\t<div class=\"elementor-widget-container\">\n\t\t\t\t\t\t\t\t\t\t<figure class=\"wp-caption\">\n\t\t\t\t\t\t\t\t\t\t<img fetchpriority=\"high\" decoding=\"async\" width=\"600\" height=\"500\" src=\"https:\/\/si-studiare-italiano.com\/wp-content\/uploads\/2025\/02\/italian-private-lessons.webp\" class=\"attachment-full size-full wp-image-11035\" alt=\"Einzelunterricht in Italienisch\" srcset=\"https:\/\/si-studiare-italiano.com\/wp-content\/uploads\/2025\/02\/italian-private-lessons.webp 600w, https:\/\/si-studiare-italiano.com\/wp-content\/uploads\/2025\/02\/italian-private-lessons-300x250.webp 300w\" sizes=\"(max-width: 600px) 100vw, 600px\" \/>\t\t\t\t\t\t\t\t\t\t\t<figcaption class=\"widget-image-caption wp-caption-text\">Starte mit Privatunterricht<\/figcaption>\n\t\t\t\t\t\t\t\t\t\t<\/figure>\n\t\t\t\t\t\t\t<\/div>\n\t\t\t\t<\/div>\n\t\t\t\t<\/div>\n\t\t\t\t\t<\/div>\n\t\t\t\t<\/div>\n\t\t\t\t<\/div>\n\t\t","protected":false},"excerpt":{"rendered":"<p>Individuelle Italienischkurse Mailand, Rom, Florenz, Venedig oder Taormina: Wo m\u00f6chten Sie Ihren privaten Italienischsprachkurs machen? Kontaktiere uns M\u00f6chtest du deine Zeit und dein Lernpotenzial optimal nutzen?Bevorzugst du einen vollst\u00e4ndig personalisierten Ansatz mit einem Lehrer, der sich ganz auf deine Bed\u00fcrfnisse und Ziele konzentriert? Dann sind die privaten Italienischstunden genau das Richtige f\u00fcr dich! Wir bieten [&hellip;]<\/p>\n","protected":false},"author":2,"featured_media":0,"parent":11288,"menu_order":0,"comment_status":"closed","ping_status":"closed","template":"","meta":{"footnotes":""},"class_list":["post-11464","page","type-page","status-publish","hentry"],"yoast_head":"<!-- This site is optimized with the Yoast SEO plugin v23.8 - https:\/\/yoast.com\/wordpress\/plugins\/seo\/ -->\n<title>Individuelle Italienischkurse - Si Studiare Italiano<\/title>\n<meta name=\"description\" content=\"Individuelle Italienischkurse in Italien.\" \/>\n<meta name=\"robots\" content=\"index, follow, max-snippet:-1, max-image-preview:large, max-video-preview:-1\" \/>\n<link rel=\"canonical\" href=\"https:\/\/si-studiare-italiano.com\/de\/italienischkurse-in-italien\/individuelle-italienischkurse\/\" \/>\n<meta property=\"og:locale\" content=\"de_DE\" \/>\n<meta property=\"og:type\" content=\"article\" \/>\n<meta property=\"og:title\" content=\"Individuelle Italienischkurse - Si Studiare Italiano\" \/>\n<meta property=\"og:description\" content=\"Individuelle Italienischkurse in Italien.\" \/>\n<meta property=\"og:url\" content=\"https:\/\/si-studiare-italiano.com\/de\/italienischkurse-in-italien\/individuelle-italienischkurse\/\" \/>\n<meta property=\"og:site_name\" content=\"Si Studiare Italiano\" \/>\n<meta property=\"article:modified_time\" content=\"2025-02-26T14:30:42+00:00\" \/>\n<meta property=\"og:image\" content=\"https:\/\/si-studiare-italiano.com\/wp-content\/uploads\/2025\/02\/italian-private-lessons.webp\" \/>\n\t<meta property=\"og:image:width\" content=\"600\" \/>\n\t<meta property=\"og:image:height\" content=\"500\" \/>\n\t<meta property=\"og:image:type\" content=\"image\/webp\" \/>\n<meta name=\"twitter:card\" content=\"summary_large_image\" \/>\n<meta name=\"twitter:label1\" content=\"Gesch\u00e4tzte Lesezeit\" \/>\n\t<meta name=\"twitter:data1\" content=\"2\u00a0Minuten\" \/>\n<script type=\"application\/ld+json\" class=\"yoast-schema-graph\">{\"@context\":\"https:\/\/schema.org\",\"@graph\":[{\"@type\":\"WebPage\",\"@id\":\"https:\/\/si-studiare-italiano.com\/de\/italienischkurse-in-italien\/individuelle-italienischkurse\/\",\"url\":\"https:\/\/si-studiare-italiano.com\/de\/italienischkurse-in-italien\/individuelle-italienischkurse\/\",\"name\":\"Individuelle Italienischkurse - Si Studiare Italiano\",\"isPartOf\":{\"@id\":\"https:\/\/si-studiare-italiano.com\/de\/#website\"},\"primaryImageOfPage\":{\"@id\":\"https:\/\/si-studiare-italiano.com\/de\/italienischkurse-in-italien\/individuelle-italienischkurse\/#primaryimage\"},\"image\":{\"@id\":\"https:\/\/si-studiare-italiano.com\/de\/italienischkurse-in-italien\/individuelle-italienischkurse\/#primaryimage\"},\"thumbnailUrl\":\"https:\/\/si-studiare-italiano.com\/wp-content\/uploads\/2025\/02\/italian-private-lessons.webp\",\"datePublished\":\"2024-11-18T14:07:05+00:00\",\"dateModified\":\"2025-02-26T14:30:42+00:00\",\"description\":\"Individuelle Italienischkurse in Italien.\",\"breadcrumb\":{\"@id\":\"https:\/\/si-studiare-italiano.com\/de\/italienischkurse-in-italien\/individuelle-italienischkurse\/#breadcrumb\"},\"inLanguage\":\"de\",\"potentialAction\":[{\"@type\":\"ReadAction\",\"target\":[\"https:\/\/si-studiare-italiano.com\/de\/italienischkurse-in-italien\/individuelle-italienischkurse\/\"]}]},{\"@type\":\"ImageObject\",\"inLanguage\":\"de\",\"@id\":\"https:\/\/si-studiare-italiano.com\/de\/italienischkurse-in-italien\/individuelle-italienischkurse\/#primaryimage\",\"url\":\"https:\/\/si-studiare-italiano.com\/wp-content\/uploads\/2025\/02\/italian-private-lessons.webp\",\"contentUrl\":\"https:\/\/si-studiare-italiano.com\/wp-content\/uploads\/2025\/02\/italian-private-lessons.webp\"},{\"@type\":\"BreadcrumbList\",\"@id\":\"https:\/\/si-studiare-italiano.com\/de\/italienischkurse-in-italien\/individuelle-italienischkurse\/#breadcrumb\",\"itemListElement\":[{\"@type\":\"ListItem\",\"position\":1,\"name\":\"Home\",\"item\":\"https:\/\/si-studiare-italiano.com\/de\/\"},{\"@type\":\"ListItem\",\"position\":2,\"name\":\"Italienischkurse in Italien\",\"item\":\"https:\/\/si-studiare-italiano.com\/de\/italienischkurse-in-italien\/\"},{\"@type\":\"ListItem\",\"position\":3,\"name\":\"Individuelle Italienischkurse\"}]},{\"@type\":\"WebSite\",\"@id\":\"https:\/\/si-studiare-italiano.com\/de\/#website\",\"url\":\"https:\/\/si-studiare-italiano.com\/de\/\",\"name\":\"Si Studiare Italiano\",\"description\":\"Learn Italian in Italy\",\"potentialAction\":[{\"@type\":\"SearchAction\",\"target\":{\"@type\":\"EntryPoint\",\"urlTemplate\":\"https:\/\/si-studiare-italiano.com\/de\/?s={search_term_string}\"},\"query-input\":{\"@type\":\"PropertyValueSpecification\",\"valueRequired\":true,\"valueName\":\"search_term_string\"}}],\"inLanguage\":\"de\"}]}<\/script>\n<!-- \/ Yoast SEO plugin. -->","yoast_head_json":{"title":"Individuelle Italienischkurse - Si Studiare Italiano","description":"Individuelle Italienischkurse in Italien.","robots":{"index":"index","follow":"follow","max-snippet":"max-snippet:-1","max-image-preview":"max-image-preview:large","max-video-preview":"max-video-preview:-1"},"canonical":"https:\/\/si-studiare-italiano.com\/de\/italienischkurse-in-italien\/individuelle-italienischkurse\/","og_locale":"de_DE","og_type":"article","og_title":"Individuelle Italienischkurse - Si Studiare Italiano","og_description":"Individuelle Italienischkurse in Italien.","og_url":"https:\/\/si-studiare-italiano.com\/de\/italienischkurse-in-italien\/individuelle-italienischkurse\/","og_site_name":"Si Studiare Italiano","article_modified_time":"2025-02-26T14:30:42+00:00","og_image":[{"width":600,"height":500,"url":"https:\/\/si-studiare-italiano.com\/wp-content\/uploads\/2025\/02\/italian-private-lessons.webp","type":"image\/webp"}],"twitter_card":"summary_large_image","twitter_misc":{"Gesch\u00e4tzte Lesezeit":"2\u00a0Minuten"},"schema":{"@context":"https:\/\/schema.org","@graph":[{"@type":"WebPage","@id":"https:\/\/si-studiare-italiano.com\/de\/italienischkurse-in-italien\/individuelle-italienischkurse\/","url":"https:\/\/si-studiare-italiano.com\/de\/italienischkurse-in-italien\/individuelle-italienischkurse\/","name":"Individuelle Italienischkurse - Si Studiare Italiano","isPartOf":{"@id":"https:\/\/si-studiare-italiano.com\/de\/#website"},"primaryImageOfPage":{"@id":"https:\/\/si-studiare-italiano.com\/de\/italienischkurse-in-italien\/individuelle-italienischkurse\/#primaryimage"},"image":{"@id":"https:\/\/si-studiare-italiano.com\/de\/italienischkurse-in-italien\/individuelle-italienischkurse\/#primaryimage"},"thumbnailUrl":"https:\/\/si-studiare-italiano.com\/wp-content\/uploads\/2025\/02\/italian-private-lessons.webp","datePublished":"2024-11-18T14:07:05+00:00","dateModified":"2025-02-26T14:30:42+00:00","description":"Individuelle Italienischkurse in Italien.","breadcrumb":{"@id":"https:\/\/si-studiare-italiano.com\/de\/italienischkurse-in-italien\/individuelle-italienischkurse\/#breadcrumb"},"inLanguage":"de","potentialAction":[{"@type":"ReadAction","target":["https:\/\/si-studiare-italiano.com\/de\/italienischkurse-in-italien\/individuelle-italienischkurse\/"]}]},{"@type":"ImageObject","inLanguage":"de","@id":"https:\/\/si-studiare-italiano.com\/de\/italienischkurse-in-italien\/individuelle-italienischkurse\/#primaryimage","url":"https:\/\/si-studiare-italiano.com\/wp-content\/uploads\/2025\/02\/italian-private-lessons.webp","contentUrl":"https:\/\/si-studiare-italiano.com\/wp-content\/uploads\/2025\/02\/italian-private-lessons.webp"},{"@type":"BreadcrumbList","@id":"https:\/\/si-studiare-italiano.com\/de\/italienischkurse-in-italien\/individuelle-italienischkurse\/#breadcrumb","itemListElement":[{"@type":"ListItem","position":1,"name":"Home","item":"https:\/\/si-studiare-italiano.com\/de\/"},{"@type":"ListItem","position":2,"name":"Italienischkurse in Italien","item":"https:\/\/si-studiare-italiano.com\/de\/italienischkurse-in-italien\/"},{"@type":"ListItem","position":3,"name":"Individuelle Italienischkurse"}]},{"@type":"WebSite","@id":"https:\/\/si-studiare-italiano.com\/de\/#website","url":"https:\/\/si-studiare-italiano.com\/de\/","name":"Si Studiare Italiano","description":"Learn Italian in Italy","potentialAction":[{"@type":"SearchAction","target":{"@type":"EntryPoint","urlTemplate":"https:\/\/si-studiare-italiano.com\/de\/?s={search_term_string}"},"query-input":{"@type":"PropertyValueSpecification","valueRequired":true,"valueName":"search_term_string"}}],"inLanguage":"de"}]}},"_links":{"self":[{"href":"https:\/\/si-studiare-italiano.com\/de\/wp-json\/wp\/v2\/pages\/11464","targetHints":{"allow":["GET"]}}],"collection":[{"href":"https:\/\/si-studiare-italiano.com\/de\/wp-json\/wp\/v2\/pages"}],"about":[{"href":"https:\/\/si-studiare-italiano.com\/de\/wp-json\/wp\/v2\/types\/page"}],"author":[{"embeddable":true,"href":"https:\/\/si-studiare-italiano.com\/de\/wp-json\/wp\/v2\/users\/2"}],"replies":[{"embeddable":true,"href":"https:\/\/si-studiare-italiano.com\/de\/wp-json\/wp\/v2\/comments?post=11464"}],"version-history":[{"count":25,"href":"https:\/\/si-studiare-italiano.com\/de\/wp-json\/wp\/v2\/pages\/11464\/revisions"}],"predecessor-version":[{"id":11489,"href":"https:\/\/si-studiare-italiano.com\/de\/wp-json\/wp\/v2\/pages\/11464\/revisions\/11489"}],"up":[{"embeddable":true,"href":"https:\/\/si-studiare-italiano.com\/de\/wp-json\/wp\/v2\/pages\/11288"}],"wp:attachment":[{"href":"https:\/\/si-studiare-italiano.com\/de\/wp-json\/wp\/v2\/media?parent=11464"}],"curies":[{"name":"wp","href":"https:\/\/api.w.org\/{rel}","templated":true}]}}